{"id":195,"date":"2023-07-10T16:50:28","date_gmt":"2023-07-10T19:50:28","guid":{"rendered":"https:\/\/marcelomorales.com.br\/clinicacrescer\/?page_id=195"},"modified":"2023-07-10T19:44:35","modified_gmt":"2023-07-10T22:44:35","slug":"crescer-clinica-multidisciplinar-quem-somos","status":"publish","type":"page","link":"https:\/\/marcelomorales.com.br\/clinicacrescer\/crescer-clinica-multidisciplinar-quem-somos\/","title":{"rendered":"Crescer Cl\u00ednica Multidisciplinar &#8211; Quem somos"},"content":{"rendered":"\t\t<div data-elementor-type=\"wp-page\" data-elementor-id=\"195\" class=\"elementor elementor-195\" data-elementor-post-type=\"page\">\n\t\t\t\t\t\t\t\t\t<section class=\"elementor-section elementor-top-section elementor-element elementor-element-536fe50 elementor-section-boxed elementor-section-height-default elementor-section-height-default\" data-id=\"536fe50\" data-element_type=\"section\">\n\t\t\t\t\t\t<div class=\"elementor-container elementor-column-gap-default\">\n\t\t\t\t\t<div class=\"elementor-column elementor-col-100 elementor-top-column elementor-element elementor-element-f2ef3af\" data-id=\"f2ef3af\" data-element_type=\"column\">\n\t\t\t<div class=\"elementor-widget-wrap elementor-element-populated\">\n\t\t\t\t\t\t\t\t<div class=\"elementor-element elementor-element-b81e723 elementor-widget elementor-widget-spacer\" data-id=\"b81e723\" data-element_type=\"widget\" data-widget_type=\"spacer.default\">\n\t\t\t\t<div class=\"elementor-widget-container\">\n\t\t\t<style>\/*! elementor - v3.14.0 - 26-06-2023 *\/\n.elementor-column .elementor-spacer-inner{height:var(--spacer-size)}.e-con{--container-widget-width:100%}.e-con-inner>.elementor-widget-spacer,.e-con>.elementor-widget-spacer{width:var(--container-widget-width,var(--spacer-size));--align-self:var(--container-widget-align-self,initial);--flex-shrink:0}.e-con-inner>.elementor-widget-spacer>.elementor-widget-container,.e-con-inner>.elementor-widget-spacer>.elementor-widget-container>.elementor-spacer,.e-con>.elementor-widget-spacer>.elementor-widget-container,.e-con>.elementor-widget-spacer>.elementor-widget-container>.elementor-spacer{height:100%}.e-con-inner>.elementor-widget-spacer>.elementor-widget-container>.elementor-spacer>.elementor-spacer-inner,.e-con>.elementor-widget-spacer>.elementor-widget-container>.elementor-spacer>.elementor-spacer-inner{height:var(--container-widget-height,var(--spacer-size))}<\/style>\t\t<div class=\"elementor-spacer\">\n\t\t\t<div class=\"elementor-spacer-inner\"><\/div>\n\t\t<\/div>\n\t\t\t\t<\/div>\n\t\t\t\t<\/div>\n\t\t\t\t<div class=\"elementor-element elementor-element-0c0c43f elementor-widget elementor-widget-heading\" data-id=\"0c0c43f\" data-element_type=\"widget\" data-widget_type=\"heading.default\">\n\t\t\t\t<div class=\"elementor-widget-container\">\n\t\t\t<style>\/*! elementor - v3.14.0 - 26-06-2023 *\/\n.elementor-heading-title{padding:0;margin:0;line-height:1}.elementor-widget-heading .elementor-heading-title[class*=elementor-size-]>a{color:inherit;font-size:inherit;line-height:inherit}.elementor-widget-heading .elementor-heading-title.elementor-size-small{font-size:15px}.elementor-widget-heading .elementor-heading-title.elementor-size-medium{font-size:19px}.elementor-widget-heading .elementor-heading-title.elementor-size-large{font-size:29px}.elementor-widget-heading .elementor-heading-title.elementor-size-xl{font-size:39px}.elementor-widget-heading .elementor-heading-title.elementor-size-xxl{font-size:59px}<\/style><h1 class=\"elementor-heading-title elementor-size-default\">CRESCER CL\u00cdNICA MULTIDISCIPLINAR - QUEM SOMOS<span style=\"font-family: Poppins, sans-serif; font-size: 25px; font-weight: 700;\"><\/span><br><\/h1>\t\t<\/div>\n\t\t\t\t<\/div>\n\t\t\t\t<div class=\"elementor-element elementor-element-11f010f elementor-widget elementor-widget-image\" data-id=\"11f010f\" data-element_type=\"widget\" data-widget_type=\"image.default\">\n\t\t\t\t<div class=\"elementor-widget-container\">\n\t\t\t<style>\/*! elementor - v3.14.0 - 26-06-2023 *\/\n.elementor-widget-image{text-align:center}.elementor-widget-image a{display:inline-block}.elementor-widget-image a img[src$=\".svg\"]{width:48px}.elementor-widget-image img{vertical-align:middle;display:inline-block}<\/style>\t\t\t\t\t\t\t\t\t\t\t\t<img decoding=\"async\" src=\"https:\/\/marcelomorales.com.br\/clinicacrescer\/wp-content\/uploads\/elementor\/thumbs\/logo-clinica-crescer-multidisciplinar-parauapebas-q8ambu1f0lrwma5gbw4o0lrmxo9iecvqok6p84pp8g.png\" title=\"logo-clinica-crescer-multidisciplinar-parauapebas\" alt=\"logo-clinica-crescer-multidisciplinar-parauapebas\" loading=\"lazy\" \/>\t\t\t\t\t\t\t\t\t\t\t\t\t\t\t<\/div>\n\t\t\t\t<\/div>\n\t\t\t\t<div class=\"elementor-element elementor-element-6b97cd4 elementor-widget elementor-widget-text-editor\" data-id=\"6b97cd4\" data-element_type=\"widget\" data-widget_type=\"text-editor.default\">\n\t\t\t\t<div class=\"elementor-widget-container\">\n\t\t\t<style>\/*! elementor - v3.14.0 - 26-06-2023 *\/\n.elementor-widget-text-editor.elementor-drop-cap-view-stacked .elementor-drop-cap{background-color:#69727d;color:#fff}.elementor-widget-text-editor.elementor-drop-cap-view-framed .elementor-drop-cap{color:#69727d;border:3px solid;background-color:transparent}.elementor-widget-text-editor:not(.elementor-drop-cap-view-default) .elementor-drop-cap{margin-top:8px}.elementor-widget-text-editor:not(.elementor-drop-cap-view-default) .elementor-drop-cap-letter{width:1em;height:1em}.elementor-widget-text-editor .elementor-drop-cap{float:left;text-align:center;line-height:1;font-size:50px}.elementor-widget-text-editor .elementor-drop-cap-letter{display:inline-block}<\/style>\t\t\t\t<p><span style=\"font-weight: 400;\">A Crescer \u00e9 um espa\u00e7o de promo\u00e7\u00e3o da vida plena voltado para o desenvolvimento de rotinas mentais e pr\u00e1ticas f\u00edsicas saud\u00e1veis. A cl\u00ednica ressignificou sua atua\u00e7\u00e3o h\u00e1 quatro anos, ao incorporar a seus atendimentos uma metodologia multidisciplinar onde v\u00e1rias \u00e1reas da sa\u00fade e da educa\u00e7\u00e3o interagem para proporcionar qualidade de vida a todas as faixas et\u00e1rias. Desde a inf\u00e2ncia at\u00e9 a melhor idade, acolhe pessoas, fam\u00edlias e empresas que desejam desfrutar dos benef\u00edcios proporcionados por suas especialidades, que hoje contemplam:\u00a0<\/span><\/p><ul><li style=\"font-weight: 400;\" aria-level=\"1\"><span style=\"font-weight: 400;\">Arteterapia<\/span><\/li><li style=\"font-weight: 400;\" aria-level=\"1\"><span style=\"font-weight: 400;\">Equoterapia<\/span><\/li><li style=\"font-weight: 400;\" aria-level=\"1\"><span style=\"font-weight: 400;\">Fisioterapia<\/span><\/li><li style=\"font-weight: 400;\" aria-level=\"1\"><span style=\"font-weight: 400;\">Fonoaudiologia<\/span><\/li><li style=\"font-weight: 400;\" aria-level=\"1\"><span style=\"font-weight: 400;\">Musicoterapia<\/span><\/li><li style=\"font-weight: 400;\" aria-level=\"1\"><span style=\"font-weight: 400;\">Neurofeedback<\/span><\/li><li style=\"font-weight: 400;\" aria-level=\"1\"><span style=\"font-weight: 400;\">Neuropsicopedagogia<\/span><\/li><li style=\"font-weight: 400;\" aria-level=\"1\"><span style=\"font-weight: 400;\">Neuropsicologia<\/span><\/li><li style=\"font-weight: 400;\" aria-level=\"1\"><span style=\"font-weight: 400;\">Neuropediatria<\/span><\/li><li style=\"font-weight: 400;\" aria-level=\"1\"><span style=\"font-weight: 400;\">Pilates<\/span><\/li><li style=\"font-weight: 400;\" aria-level=\"1\"><span style=\"font-weight: 400;\">Psicologia<\/span><\/li><li style=\"font-weight: 400;\" aria-level=\"1\"><span style=\"font-weight: 400;\">Psicopedagogia<\/span><\/li><li style=\"font-weight: 400;\" aria-level=\"1\"><span style=\"font-weight: 400;\">Terapia de cabine<\/span><\/li><li style=\"font-weight: 400;\" aria-level=\"1\"><span style=\"font-weight: 400;\">Terapia ocupacional com integra\u00e7\u00e3o sensorial<\/span><\/li><\/ul>\t\t\t\t\t\t<\/div>\n\t\t\t\t<\/div>\n\t\t\t\t<div class=\"elementor-element elementor-element-5b3f240 elementor-widget elementor-widget-image\" data-id=\"5b3f240\" data-element_type=\"widget\" data-widget_type=\"image.default\">\n\t\t\t\t<div class=\"elementor-widget-container\">\n\t\t\t\t\t\t\t\t\t\t\t\t<figure class=\"wp-caption\">\n\t\t\t\t\t\t\t\t\t\t<img loading=\"lazy\" decoding=\"async\" width=\"768\" height=\"768\" src=\"https:\/\/marcelomorales.com.br\/clinicacrescer\/wp-content\/uploads\/2023\/07\/elidiane-santos-e-max-roberto-idealizadores-clinica-crescer-768x768.jpg\" class=\"attachment-medium_large size-medium_large wp-image-198\" alt=\"Max Roberto e Elidiane Santos - Idealizadores Cl\u00ednica Crescer Multidisciplinar\" srcset=\"https:\/\/marcelomorales.com.br\/clinicacrescer\/wp-content\/uploads\/2023\/07\/elidiane-santos-e-max-roberto-idealizadores-clinica-crescer-768x768.jpg 768w, https:\/\/marcelomorales.com.br\/clinicacrescer\/wp-content\/uploads\/2023\/07\/elidiane-santos-e-max-roberto-idealizadores-clinica-crescer-300x300.jpg 300w, https:\/\/marcelomorales.com.br\/clinicacrescer\/wp-content\/uploads\/2023\/07\/elidiane-santos-e-max-roberto-idealizadores-clinica-crescer-1024x1024.jpg 1024w, https:\/\/marcelomorales.com.br\/clinicacrescer\/wp-content\/uploads\/2023\/07\/elidiane-santos-e-max-roberto-idealizadores-clinica-crescer-150x150.jpg 150w, https:\/\/marcelomorales.com.br\/clinicacrescer\/wp-content\/uploads\/2023\/07\/elidiane-santos-e-max-roberto-idealizadores-clinica-crescer-600x600.jpg 600w, https:\/\/marcelomorales.com.br\/clinicacrescer\/wp-content\/uploads\/2023\/07\/elidiane-santos-e-max-roberto-idealizadores-clinica-crescer.jpg 1080w\" sizes=\"auto, (max-width: 768px) 100vw, 768px\" \/>\t\t\t\t\t\t\t\t\t\t\t<figcaption class=\"widget-image-caption wp-caption-text\">Max Roberto e Elidiane Santos - Idealizadores Cl\u00ednica Crescer Multidisciplinar<\/figcaption>\n\t\t\t\t\t\t\t\t\t\t<\/figure>\n\t\t\t\t\t\t\t\t\t<\/div>\n\t\t\t\t<\/div>\n\t\t\t\t<div class=\"elementor-element elementor-element-8fb9aab elementor-widget elementor-widget-text-editor\" data-id=\"8fb9aab\" data-element_type=\"widget\" data-widget_type=\"text-editor.default\">\n\t\t\t\t<div class=\"elementor-widget-container\">\n\t\t\t\t\t\t\t<p><span style=\"font-weight: 400;\">Ao identificar problemas de aprendizagem, dificuldades na realiza\u00e7\u00e3o de tarefas rotineiras como alimenta\u00e7\u00e3o, comunica\u00e7\u00e3o ou mobilidade, ou apenas com o intuito de ter um cotidiano mais saud\u00e1vel, a Crescer \u00e9 refer\u00eancia em abordagens educacionais humanizadas e terapias hol\u00edsticas, ou seja, que contemplam toda a sua rotina e suas habilidades para promover resultados duradouros e combater a todas as situa\u00e7\u00f5es que podem estar prejudicando uma vida plena ou causando recorr\u00eancias de problemas de sa\u00fade.<\/span><\/p><p><span style=\"font-weight: 400;\">Al\u00e9m do atendimento cl\u00ednico, a Crescer oferece \u00e0s iniciativas p\u00fablicas e privadas de Parauapebas e regi\u00e3o servi\u00e7os como palestras, avalia\u00e7\u00f5es f\u00edsicas e psicol\u00f3gicas, din\u00e2micas de grupo e consultorias. O primeiro acolhimento para avalia\u00e7\u00e3o e indica\u00e7\u00e3o do tratamento adequado \u00e9 totalmente gratuito. A partir disso, o paciente ser\u00e1 conduzido a um protocolo personalizado com profissionais capacitados das \u00e1reas que poder\u00e3o ajud\u00e1-lo.\u00a0\u00a0<\/span><\/p><p><span style=\"font-weight: 400;\">O objetivo da cl\u00ednica \u00e9 ampliar as especialidades integradas para oferecer cada vez mais bem-estar e longevidade a toda a comunidade. Por isso, a Crescer faz um convite para que pense em como voc\u00ea, sua fam\u00edlia e seus projetos est\u00e3o e em como \u00e9 poss\u00edvel melhorar em pouco tempo com a ajuda de um acompanhamento exclusivo, pensado para o sucesso pessoal e profissional. Viver melhor \u00e9 prioridade para voc\u00ea hoje? Vem Crescer conosco!<\/span><\/p>\t\t\t\t\t\t<\/div>\n\t\t\t\t<\/div>\n\t\t\t\t<div class=\"elementor-element elementor-element-aaa4837 elementor-widget elementor-widget-spacer\" data-id=\"aaa4837\" data-element_type=\"widget\" data-widget_type=\"spacer.default\">\n\t\t\t\t<div class=\"elementor-widget-container\">\n\t\t\t\t\t<div class=\"elementor-spacer\">\n\t\t\t<div class=\"elementor-spacer-inner\"><\/div>\n\t\t<\/div>\n\t\t\t\t<\/div>\n\t\t\t\t<\/div>\n\t\t\t\t\t<\/div>\n\t\t<\/div>\n\t\t\t\t\t\t\t<\/div>\n\t\t<\/section>\n\t\t\t\t\t\t\t<\/div>\n\t\t","protected":false},"excerpt":{"rendered":"<p>CRESCER CL\u00cdNICA MULTIDISCIPLINAR &#8211; QUEM SOMOS A Crescer \u00e9 um espa\u00e7o de promo\u00e7\u00e3o da vida plena voltado para o desenvolvimento de rotinas mentais e pr\u00e1ticas f\u00edsicas saud\u00e1veis. A cl\u00ednica ressignificou sua atua\u00e7\u00e3o h\u00e1 quatro anos, ao incorporar a seus atendimentos uma metodologia multidisciplinar onde v\u00e1rias \u00e1reas da sa\u00fade e da educa\u00e7\u00e3o interagem para proporcionar qualidade [&hellip;]<\/p>\n","protected":false},"author":1,"featured_media":0,"parent":0,"menu_order":0,"comment_status":"closed","ping_status":"closed","template":"elementor_canvas","meta":{"footnotes":""},"class_list":["post-195","page","type-page","status-publish","hentry","entry"],"_links":{"self":[{"href":"https:\/\/marcelomorales.com.br\/clinicacrescer\/wp-json\/wp\/v2\/pages\/195","targetHints":{"allow":["GET"]}}],"collection":[{"href":"https:\/\/marcelomorales.com.br\/clinicacrescer\/wp-json\/wp\/v2\/pages"}],"about":[{"href":"https:\/\/marcelomorales.com.br\/clinicacrescer\/wp-json\/wp\/v2\/types\/page"}],"author":[{"embeddable":true,"href":"https:\/\/marcelomorales.com.br\/clinicacrescer\/wp-json\/wp\/v2\/users\/1"}],"replies":[{"embeddable":true,"href":"https:\/\/marcelomorales.com.br\/clinicacrescer\/wp-json\/wp\/v2\/comments?post=195"}],"version-history":[{"count":18,"href":"https:\/\/marcelomorales.com.br\/clinicacrescer\/wp-json\/wp\/v2\/pages\/195\/revisions"}],"predecessor-version":[{"id":314,"href":"https:\/\/marcelomorales.com.br\/clinicacrescer\/wp-json\/wp\/v2\/pages\/195\/revisions\/314"}],"wp:attachment":[{"href":"https:\/\/marcelomorales.com.br\/clinicacrescer\/wp-json\/wp\/v2\/media?parent=195"}],"curies":[{"name":"wp","href":"https:\/\/api.w.org\/{rel}","templated":true}]}}