{"id":267,"date":"2023-07-10T19:13:52","date_gmt":"2023-07-10T22:13:52","guid":{"rendered":"https:\/\/marcelomorales.com.br\/clinicacrescer\/?page_id=267"},"modified":"2023-07-10T19:43:21","modified_gmt":"2023-07-10T22:43:21","slug":"blog-crescer-clinica-multidisciplinar","status":"publish","type":"page","link":"https:\/\/marcelomorales.com.br\/clinicacrescer\/blog-crescer-clinica-multidisciplinar\/","title":{"rendered":"Blog &#8211; Crescer Cl\u00ednica Multidisciplinar"},"content":{"rendered":"\t\t<div data-elementor-type=\"wp-page\" data-elementor-id=\"267\" class=\"elementor elementor-267\" data-elementor-post-type=\"page\">\n\t\t\t\t\t\t\t\t\t<section class=\"elementor-section elementor-top-section elementor-element elementor-element-fdfeca5 elementor-section-boxed elementor-section-height-default elementor-section-height-default\" data-id=\"fdfeca5\" data-element_type=\"section\" data-settings=\"{&quot;background_background&quot;:&quot;classic&quot;}\">\n\t\t\t\t\t\t<div class=\"elementor-container elementor-column-gap-default\">\n\t\t\t\t\t<div class=\"elementor-column elementor-col-100 elementor-top-column elementor-element elementor-element-0205afb\" data-id=\"0205afb\" data-element_type=\"column\">\n\t\t\t<div class=\"elementor-widget-wrap elementor-element-populated\">\n\t\t\t\t\t\t\t\t<div class=\"elementor-element elementor-element-51408dc elementor-widget elementor-widget-spacer\" data-id=\"51408dc\" data-element_type=\"widget\" data-widget_type=\"spacer.default\">\n\t\t\t\t<div class=\"elementor-widget-container\">\n\t\t\t<style>\/*! elementor - v3.14.0 - 26-06-2023 *\/\n.elementor-column .elementor-spacer-inner{height:var(--spacer-size)}.e-con{--container-widget-width:100%}.e-con-inner>.elementor-widget-spacer,.e-con>.elementor-widget-spacer{width:var(--container-widget-width,var(--spacer-size));--align-self:var(--container-widget-align-self,initial);--flex-shrink:0}.e-con-inner>.elementor-widget-spacer>.elementor-widget-container,.e-con-inner>.elementor-widget-spacer>.elementor-widget-container>.elementor-spacer,.e-con>.elementor-widget-spacer>.elementor-widget-container,.e-con>.elementor-widget-spacer>.elementor-widget-container>.elementor-spacer{height:100%}.e-con-inner>.elementor-widget-spacer>.elementor-widget-container>.elementor-spacer>.elementor-spacer-inner,.e-con>.elementor-widget-spacer>.elementor-widget-container>.elementor-spacer>.elementor-spacer-inner{height:var(--container-widget-height,var(--spacer-size))}<\/style>\t\t<div class=\"elementor-spacer\">\n\t\t\t<div class=\"elementor-spacer-inner\"><\/div>\n\t\t<\/div>\n\t\t\t\t<\/div>\n\t\t\t\t<\/div>\n\t\t\t\t<div class=\"elementor-element elementor-element-e935c2c elementor-widget elementor-widget-heading\" data-id=\"e935c2c\" data-element_type=\"widget\" data-widget_type=\"heading.default\">\n\t\t\t\t<div class=\"elementor-widget-container\">\n\t\t\t<style>\/*! elementor - v3.14.0 - 26-06-2023 *\/\n.elementor-heading-title{padding:0;margin:0;line-height:1}.elementor-widget-heading .elementor-heading-title[class*=elementor-size-]>a{color:inherit;font-size:inherit;line-height:inherit}.elementor-widget-heading .elementor-heading-title.elementor-size-small{font-size:15px}.elementor-widget-heading .elementor-heading-title.elementor-size-medium{font-size:19px}.elementor-widget-heading .elementor-heading-title.elementor-size-large{font-size:29px}.elementor-widget-heading .elementor-heading-title.elementor-size-xl{font-size:39px}.elementor-widget-heading .elementor-heading-title.elementor-size-xxl{font-size:59px}<\/style><h3 class=\"elementor-heading-title elementor-size-default\">BLOG CRESCER CL\u00cdNICA MULTIDISCIPLINAR<span style=\"font-family: Poppins, sans-serif; font-size: 25px; font-weight: 700;\"><\/span><br><\/h3>\t\t<\/div>\n\t\t\t\t<\/div>\n\t\t\t\t<div class=\"elementor-element elementor-element-887bccb elementor-widget elementor-widget-spacer\" data-id=\"887bccb\" data-element_type=\"widget\" data-widget_type=\"spacer.default\">\n\t\t\t\t<div class=\"elementor-widget-container\">\n\t\t\t\t\t<div class=\"elementor-spacer\">\n\t\t\t<div class=\"elementor-spacer-inner\"><\/div>\n\t\t<\/div>\n\t\t\t\t<\/div>\n\t\t\t\t<\/div>\n\t\t\t\t\t<\/div>\n\t\t<\/div>\n\t\t\t\t\t\t\t<\/div>\n\t\t<\/section>\n\t\t\t\t<section class=\"elementor-section elementor-top-section elementor-element elementor-element-7e28e01 elementor-section-boxed elementor-section-height-default elementor-section-height-default\" data-id=\"7e28e01\" data-element_type=\"section\" data-settings=\"{&quot;background_background&quot;:&quot;classic&quot;}\">\n\t\t\t\t\t\t<div class=\"elementor-container elementor-column-gap-default\">\n\t\t\t\t\t<div class=\"elementor-column elementor-col-100 elementor-top-column elementor-element elementor-element-4e60dd5\" data-id=\"4e60dd5\" data-element_type=\"column\">\n\t\t\t<div class=\"elementor-widget-wrap elementor-element-populated\">\n\t\t\t\t\t\t\t\t<div class=\"elementor-element elementor-element-1a204fa elementor-posts--align-left elementor-grid-3 elementor-grid-tablet-2 elementor-grid-mobile-1 elementor-posts--thumbnail-top load-more-align-center elementor-widget elementor-widget-posts\" data-id=\"1a204fa\" data-element_type=\"widget\" data-settings=\"{&quot;pagination_type&quot;:&quot;load_more_on_click&quot;,&quot;classic_columns&quot;:&quot;3&quot;,&quot;classic_columns_tablet&quot;:&quot;2&quot;,&quot;classic_columns_mobile&quot;:&quot;1&quot;,&quot;classic_row_gap&quot;:{&quot;unit&quot;:&quot;px&quot;,&quot;size&quot;:35,&quot;sizes&quot;:[]},&quot;classic_row_gap_tablet&quot;:{&quot;unit&quot;:&quot;px&quot;,&quot;size&quot;:&quot;&quot;,&quot;sizes&quot;:[]},&quot;classic_row_gap_mobile&quot;:{&quot;unit&quot;:&quot;px&quot;,&quot;size&quot;:&quot;&quot;,&quot;sizes&quot;:[]},&quot;load_more_spinner&quot;:{&quot;value&quot;:&quot;fas fa-spinner&quot;,&quot;library&quot;:&quot;fa-solid&quot;}}\" data-widget_type=\"posts.classic\">\n\t\t\t\t<div class=\"elementor-widget-container\">\n\t\t\t<link rel=\"stylesheet\" href=\"https:\/\/marcelomorales.com.br\/clinicacrescer\/wp-content\/plugins\/elementor-pro\/assets\/css\/widget-posts.min.css\">\t\t<div class=\"elementor-posts-container elementor-posts elementor-posts--skin-classic elementor-grid\">\n\t\t\t\t<article class=\"elementor-post elementor-grid-item post-140 post type-post status-publish format-standard has-post-thumbnail hentry category-arteterapia category-clinica-crescer category-criancas tag-arteterapia tag-criancas tag-desenvolvimento-infantil tag-psicologia entry has-media\">\n\t\t\t\t<a class=\"elementor-post__thumbnail__link\" href=\"https:\/\/marcelomorales.com.br\/clinicacrescer\/como-a-arteterapia-pode-ajudar-as-criancas\/\" >\n\t\t\t<div class=\"elementor-post__thumbnail\"><img loading=\"lazy\" decoding=\"async\" width=\"300\" height=\"200\" src=\"https:\/\/marcelomorales.com.br\/clinicacrescer\/wp-content\/uploads\/2023\/06\/close-up-boy-girl-painting-together-300x200.jpg\" class=\"attachment-medium size-medium wp-image-142\" alt=\"Como a arteterapia pode ajudar as crian\u00e7as?\" srcset=\"https:\/\/marcelomorales.com.br\/clinicacrescer\/wp-content\/uploads\/2023\/06\/close-up-boy-girl-painting-together-300x200.jpg 300w, https:\/\/marcelomorales.com.br\/clinicacrescer\/wp-content\/uploads\/2023\/06\/close-up-boy-girl-painting-together-1024x681.jpg 1024w, https:\/\/marcelomorales.com.br\/clinicacrescer\/wp-content\/uploads\/2023\/06\/close-up-boy-girl-painting-together-768x511.jpg 768w, https:\/\/marcelomorales.com.br\/clinicacrescer\/wp-content\/uploads\/2023\/06\/close-up-boy-girl-painting-together-1536x1022.jpg 1536w, https:\/\/marcelomorales.com.br\/clinicacrescer\/wp-content\/uploads\/2023\/06\/close-up-boy-girl-painting-together-2048x1363.jpg 2048w\" sizes=\"auto, (max-width: 300px) 100vw, 300px\" \/><\/div>\n\t\t<\/a>\n\t\t\t\t<div class=\"elementor-post__text\">\n\t\t\t\t<h3 class=\"elementor-post__title\">\n\t\t\t<a href=\"https:\/\/marcelomorales.com.br\/clinicacrescer\/como-a-arteterapia-pode-ajudar-as-criancas\/\" >\n\t\t\t\tComo a arteterapia pode ajudar as crian\u00e7as?\t\t\t<\/a>\n\t\t<\/h3>\n\t\t\t\t<div class=\"elementor-post__meta-data\">\n\t\t\t\t\t<span class=\"elementor-post-date\">\n\t\t\t22 de junho de 2023\t\t<\/span>\n\t\t\t\t<\/div>\n\t\t\t\t<div class=\"elementor-post__excerpt\">\n\t\t\t<p>Descubra como a arteterapia \u00e9 capaz de oferecer para as crian\u00e7as condi\u00e7\u00f5es de se expressarem pela criatividade.<\/p>\n\t\t<\/div>\n\t\t\n\t\t<a class=\"elementor-post__read-more\" href=\"https:\/\/marcelomorales.com.br\/clinicacrescer\/como-a-arteterapia-pode-ajudar-as-criancas\/\" aria-label=\"Read more about Como a arteterapia pode ajudar as crian\u00e7as?\" >\n\t\t\tLeia mais \u00bb\t\t<\/a>\n\n\t\t\t\t<\/div>\n\t\t\t\t<\/article>\n\t\t\t\t<article class=\"elementor-post elementor-grid-item post-160 post type-post status-publish format-standard has-post-thumbnail hentry category-clinica-crescer category-pilates tag-desenvolvimento-motor tag-mobilidade tag-pilates entry has-media\">\n\t\t\t\t<a class=\"elementor-post__thumbnail__link\" href=\"https:\/\/marcelomorales.com.br\/clinicacrescer\/pilates-uma-ferramenta-para-prevenir-dores\/\" >\n\t\t\t<div class=\"elementor-post__thumbnail\"><img loading=\"lazy\" decoding=\"async\" width=\"300\" height=\"200\" src=\"https:\/\/marcelomorales.com.br\/clinicacrescer\/wp-content\/uploads\/2023\/06\/close-up-fit-woman-exercising-300x200.jpg\" class=\"attachment-medium size-medium wp-image-161\" alt=\"Pilates: uma ferramenta para prevenir dores!\" srcset=\"https:\/\/marcelomorales.com.br\/clinicacrescer\/wp-content\/uploads\/2023\/06\/close-up-fit-woman-exercising-300x200.jpg 300w, https:\/\/marcelomorales.com.br\/clinicacrescer\/wp-content\/uploads\/2023\/06\/close-up-fit-woman-exercising-1024x683.jpg 1024w, https:\/\/marcelomorales.com.br\/clinicacrescer\/wp-content\/uploads\/2023\/06\/close-up-fit-woman-exercising-768x512.jpg 768w, https:\/\/marcelomorales.com.br\/clinicacrescer\/wp-content\/uploads\/2023\/06\/close-up-fit-woman-exercising-1536x1024.jpg 1536w, https:\/\/marcelomorales.com.br\/clinicacrescer\/wp-content\/uploads\/2023\/06\/close-up-fit-woman-exercising-2048x1365.jpg 2048w\" sizes=\"auto, (max-width: 300px) 100vw, 300px\" \/><\/div>\n\t\t<\/a>\n\t\t\t\t<div class=\"elementor-post__text\">\n\t\t\t\t<h3 class=\"elementor-post__title\">\n\t\t\t<a href=\"https:\/\/marcelomorales.com.br\/clinicacrescer\/pilates-uma-ferramenta-para-prevenir-dores\/\" >\n\t\t\t\tPilates: uma ferramenta para prevenir dores!\t\t\t<\/a>\n\t\t<\/h3>\n\t\t\t\t<div class=\"elementor-post__meta-data\">\n\t\t\t\t\t<span class=\"elementor-post-date\">\n\t\t\t15 de junho de 2023\t\t<\/span>\n\t\t\t\t<\/div>\n\t\t\t\t<div class=\"elementor-post__excerpt\">\n\t\t\t<p>Popularizada entre a terceira idade, a modalidade pode ser uma aliada tamb\u00e9m aos jovens para prevenir dores no futuro.<\/p>\n\t\t<\/div>\n\t\t\n\t\t<a class=\"elementor-post__read-more\" href=\"https:\/\/marcelomorales.com.br\/clinicacrescer\/pilates-uma-ferramenta-para-prevenir-dores\/\" aria-label=\"Read more about Pilates: uma ferramenta para prevenir dores!\" >\n\t\t\tLeia mais \u00bb\t\t<\/a>\n\n\t\t\t\t<\/div>\n\t\t\t\t<\/article>\n\t\t\t\t<article class=\"elementor-post elementor-grid-item post-153 post type-post status-publish format-standard has-post-thumbnail hentry category-clinica-crescer category-neuropsicopedagogia tag-aprendizagem tag-fisiologia-mental tag-neuropsicopedagogia tag-psicologia entry has-media\">\n\t\t\t\t<a class=\"elementor-post__thumbnail__link\" href=\"https:\/\/marcelomorales.com.br\/clinicacrescer\/voce-ja-ouviu-falar-em-neuropsicopedagogia\/\" >\n\t\t\t<div class=\"elementor-post__thumbnail\"><img loading=\"lazy\" decoding=\"async\" width=\"300\" height=\"200\" src=\"https:\/\/marcelomorales.com.br\/clinicacrescer\/wp-content\/uploads\/2023\/06\/brain-writes-with-white-chalk-is-hand-draw-concept-300x200.jpg\" class=\"attachment-medium size-medium wp-image-156\" alt=\"Voc\u00ea j\u00e1 ouviu falar em neuropsicopedagogia?\" srcset=\"https:\/\/marcelomorales.com.br\/clinicacrescer\/wp-content\/uploads\/2023\/06\/brain-writes-with-white-chalk-is-hand-draw-concept-300x200.jpg 300w, https:\/\/marcelomorales.com.br\/clinicacrescer\/wp-content\/uploads\/2023\/06\/brain-writes-with-white-chalk-is-hand-draw-concept-1024x683.jpg 1024w, https:\/\/marcelomorales.com.br\/clinicacrescer\/wp-content\/uploads\/2023\/06\/brain-writes-with-white-chalk-is-hand-draw-concept-768x512.jpg 768w, https:\/\/marcelomorales.com.br\/clinicacrescer\/wp-content\/uploads\/2023\/06\/brain-writes-with-white-chalk-is-hand-draw-concept-1536x1024.jpg 1536w, https:\/\/marcelomorales.com.br\/clinicacrescer\/wp-content\/uploads\/2023\/06\/brain-writes-with-white-chalk-is-hand-draw-concept-2048x1365.jpg 2048w\" sizes=\"auto, (max-width: 300px) 100vw, 300px\" \/><\/div>\n\t\t<\/a>\n\t\t\t\t<div class=\"elementor-post__text\">\n\t\t\t\t<h3 class=\"elementor-post__title\">\n\t\t\t<a href=\"https:\/\/marcelomorales.com.br\/clinicacrescer\/voce-ja-ouviu-falar-em-neuropsicopedagogia\/\" >\n\t\t\t\tVoc\u00ea j\u00e1 ouviu falar em neuropsicopedagogia?\t\t\t<\/a>\n\t\t<\/h3>\n\t\t\t\t<div class=\"elementor-post__meta-data\">\n\t\t\t\t\t<span class=\"elementor-post-date\">\n\t\t\t8 de junho de 2023\t\t<\/span>\n\t\t\t\t<\/div>\n\t\t\t\t<div class=\"elementor-post__excerpt\">\n\t\t\t<p>Conhe\u00e7a a neuropsicopedagogia, uma \u00e1rea de amplo potencial no trabalho terap\u00eautico com jovens e adolescentes.<\/p>\n\t\t<\/div>\n\t\t\n\t\t<a class=\"elementor-post__read-more\" href=\"https:\/\/marcelomorales.com.br\/clinicacrescer\/voce-ja-ouviu-falar-em-neuropsicopedagogia\/\" aria-label=\"Read more about Voc\u00ea j\u00e1 ouviu falar em neuropsicopedagogia?\" >\n\t\t\tLeia mais \u00bb\t\t<\/a>\n\n\t\t\t\t<\/div>\n\t\t\t\t<\/article>\n\t\t\t\t<article class=\"elementor-post elementor-grid-item post-150 post type-post status-publish format-standard has-post-thumbnail hentry category-clinica-crescer category-fonoaudiologia tag-dificuldade-de-fala tag-fonoaudiologia tag-fonoaudiologo entry has-media\">\n\t\t\t\t<a class=\"elementor-post__thumbnail__link\" href=\"https:\/\/marcelomorales.com.br\/clinicacrescer\/quem-precisa-de-fonoaudiologo\/\" >\n\t\t\t<div class=\"elementor-post__thumbnail\"><img loading=\"lazy\" decoding=\"async\" width=\"300\" height=\"200\" src=\"https:\/\/marcelomorales.com.br\/clinicacrescer\/wp-content\/uploads\/2023\/06\/kid-doing-occupational-therapy-session-300x200.jpg\" class=\"attachment-medium size-medium wp-image-151\" alt=\"Quem precisa de fonoaudi\u00f3logo?\" srcset=\"https:\/\/marcelomorales.com.br\/clinicacrescer\/wp-content\/uploads\/2023\/06\/kid-doing-occupational-therapy-session-300x200.jpg 300w, https:\/\/marcelomorales.com.br\/clinicacrescer\/wp-content\/uploads\/2023\/06\/kid-doing-occupational-therapy-session-1024x683.jpg 1024w, https:\/\/marcelomorales.com.br\/clinicacrescer\/wp-content\/uploads\/2023\/06\/kid-doing-occupational-therapy-session-768x512.jpg 768w, https:\/\/marcelomorales.com.br\/clinicacrescer\/wp-content\/uploads\/2023\/06\/kid-doing-occupational-therapy-session-1536x1024.jpg 1536w, https:\/\/marcelomorales.com.br\/clinicacrescer\/wp-content\/uploads\/2023\/06\/kid-doing-occupational-therapy-session-2048x1365.jpg 2048w\" sizes=\"auto, (max-width: 300px) 100vw, 300px\" \/><\/div>\n\t\t<\/a>\n\t\t\t\t<div class=\"elementor-post__text\">\n\t\t\t\t<h3 class=\"elementor-post__title\">\n\t\t\t<a href=\"https:\/\/marcelomorales.com.br\/clinicacrescer\/quem-precisa-de-fonoaudiologo\/\" >\n\t\t\t\tQuem precisa de fonoaudi\u00f3logo?\t\t\t<\/a>\n\t\t<\/h3>\n\t\t\t\t<div class=\"elementor-post__meta-data\">\n\t\t\t\t\t<span class=\"elementor-post-date\">\n\t\t\t1 de junho de 2023\t\t<\/span>\n\t\t\t\t<\/div>\n\t\t\t\t<div class=\"elementor-post__excerpt\">\n\t\t\t<p>Se engana quem acha que s\u00f3 quem tem dificuldade na fala precisa de fonoaudi\u00f3logo.<\/p>\n\t\t<\/div>\n\t\t\n\t\t<a class=\"elementor-post__read-more\" href=\"https:\/\/marcelomorales.com.br\/clinicacrescer\/quem-precisa-de-fonoaudiologo\/\" aria-label=\"Read more about Quem precisa de fonoaudi\u00f3logo?\" >\n\t\t\tLeia mais \u00bb\t\t<\/a>\n\n\t\t\t\t<\/div>\n\t\t\t\t<\/article>\n\t\t\t\t<\/div>\n\t\t\t\t\t<span class=\"e-load-more-spinner\">\n\t\t\t\t<i aria-hidden=\"true\" class=\"fas fa-spinner\"><\/i>\t\t\t<\/span>\n\t\t\n\t\t\t\t<\/div>\n\t\t\t\t<\/div>\n\t\t\t\t<div class=\"elementor-element elementor-element-62ae0e0 elementor-widget elementor-widget-spacer\" data-id=\"62ae0e0\" data-element_type=\"widget\" data-widget_type=\"spacer.default\">\n\t\t\t\t<div class=\"elementor-widget-container\">\n\t\t\t\t\t<div class=\"elementor-spacer\">\n\t\t\t<div class=\"elementor-spacer-inner\"><\/div>\n\t\t<\/div>\n\t\t\t\t<\/div>\n\t\t\t\t<\/div>\n\t\t\t\t\t<\/div>\n\t\t<\/div>\n\t\t\t\t\t\t\t<\/div>\n\t\t<\/section>\n\t\t\t\t<section class=\"elementor-section elementor-top-section elementor-element elementor-element-e0c1c0d elementor-section-boxed elementor-section-height-default elementor-section-height-default\" data-id=\"e0c1c0d\" data-element_type=\"section\">\n\t\t\t\t\t\t<div class=\"elementor-container elementor-column-gap-default\">\n\t\t\t\t\t<div class=\"elementor-column elementor-col-100 elementor-top-column elementor-element elementor-element-2ff6164\" data-id=\"2ff6164\" data-element_type=\"column\">\n\t\t\t<div class=\"elementor-widget-wrap elementor-element-populated\">\n\t\t\t\t\t\t\t\t<div class=\"elementor-element elementor-element-c339681 elementor-widget elementor-widget-spacer\" data-id=\"c339681\" data-element_type=\"widget\" data-widget_type=\"spacer.default\">\n\t\t\t\t<div class=\"elementor-widget-container\">\n\t\t\t\t\t<div class=\"elementor-spacer\">\n\t\t\t<div class=\"elementor-spacer-inner\"><\/div>\n\t\t<\/div>\n\t\t\t\t<\/div>\n\t\t\t\t<\/div>\n\t\t\t\t<div class=\"elementor-element elementor-element-b33fc8b elementor-widget elementor-widget-heading\" data-id=\"b33fc8b\" data-element_type=\"widget\" data-widget_type=\"heading.default\">\n\t\t\t\t<div class=\"elementor-widget-container\">\n\t\t\t<h2 class=\"elementor-heading-title elementor-size-default\">SIGA @_CLINICACRESCER NO INSTAGRAM<\/h2>\t\t<\/div>\n\t\t\t\t<\/div>\n\t\t\t\t<div class=\"elementor-element elementor-element-6128da2 elementor-widget elementor-widget-text-editor\" data-id=\"6128da2\" data-element_type=\"widget\" data-widget_type=\"text-editor.default\">\n\t\t\t\t<div class=\"elementor-widget-container\">\n\t\t\t<style>\/*! elementor - v3.14.0 - 26-06-2023 *\/\n.elementor-widget-text-editor.elementor-drop-cap-view-stacked .elementor-drop-cap{background-color:#69727d;color:#fff}.elementor-widget-text-editor.elementor-drop-cap-view-framed .elementor-drop-cap{color:#69727d;border:3px solid;background-color:transparent}.elementor-widget-text-editor:not(.elementor-drop-cap-view-default) .elementor-drop-cap{margin-top:8px}.elementor-widget-text-editor:not(.elementor-drop-cap-view-default) .elementor-drop-cap-letter{width:1em;height:1em}.elementor-widget-text-editor .elementor-drop-cap{float:left;text-align:center;line-height:1;font-size:50px}.elementor-widget-text-editor .elementor-drop-cap-letter{display:inline-block}<\/style>\t\t\t\t<p>\r\n<div id=\"sb_instagram\"  class=\"sbi sbi_mob_col_1 sbi_tab_col_2 sbi_col_4 sbi_width_resp\" style=\"padding-bottom: 10px;\" data-feedid=\"*1\"  data-res=\"auto\" data-cols=\"4\" data-colsmobile=\"1\" data-colstablet=\"2\" data-num=\"4\" data-nummobile=\"4\" data-shortcode-atts=\"{&quot;feed&quot;:&quot;1&quot;,&quot;cachetime&quot;:30}\"  data-postid=\"150\" data-locatornonce=\"5f23fe16e4\" data-sbi-flags=\"favorLocal\">\r\n\t\r\n    <div id=\"sbi_images\"  style=\"padding: 5px;\">\r\n\t\t    <\/div>\r\n\r\n\t<div id=\"sbi_load\" >\r\n\r\n\t\r\n\t\t\t<span class=\"sbi_follow_btn sbi_custom\">\r\n        <a href=\"https:\/\/www.instagram.com\/_crescerclinica\/\" style=\"background: rgb(64,139,209);\" target=\"_blank\" rel=\"nofollow noopener\">\r\n            <svg class=\"svg-inline--fa fa-instagram fa-w-14\" aria-hidden=\"true\" data-fa-processed=\"\" aria-label=\"Instagram\" data-prefix=\"fab\" data-icon=\"instagram\" role=\"img\" viewBox=\"0 0 448 512\">\n\t                <path fill=\"currentColor\" d=\"M224.1 141c-63.6 0-114.9 51.3-114.9 114.9s51.3 114.9 114.9 114.9S339 319.5 339 255.9 287.7 141 224.1 141zm0 189.6c-41.1 0-74.7-33.5-74.7-74.7s33.5-74.7 74.7-74.7 74.7 33.5 74.7 74.7-33.6 74.7-74.7 74.7zm146.4-194.3c0 14.9-12 26.8-26.8 26.8-14.9 0-26.8-12-26.8-26.8s12-26.8 26.8-26.8 26.8 12 26.8 26.8zm76.1 27.2c-1.7-35.9-9.9-67.7-36.2-93.9-26.2-26.2-58-34.4-93.9-36.2-37-2.1-147.9-2.1-184.9 0-35.8 1.7-67.6 9.9-93.9 36.1s-34.4 58-36.2 93.9c-2.1 37-2.1 147.9 0 184.9 1.7 35.9 9.9 67.7 36.2 93.9s58 34.4 93.9 36.2c37 2.1 147.9 2.1 184.9 0 35.9-1.7 67.7-9.9 93.9-36.2 26.2-26.2 34.4-58 36.2-93.9 2.1-37 2.1-147.8 0-184.8zM398.8 388c-7.8 19.6-22.9 34.7-42.6 42.6-29.5 11.7-99.5 9-132.1 9s-102.7 2.6-132.1-9c-19.6-7.8-34.7-22.9-42.6-42.6-11.7-29.5-9-99.5-9-132.1s-2.6-102.7 9-132.1c7.8-19.6 22.9-34.7 42.6-42.6 29.5-11.7 99.5-9 132.1-9s102.7-2.6 132.1 9c19.6 7.8 34.7 22.9 42.6 42.6 11.7 29.5 9 99.5 9 132.1s2.7 102.7-9 132.1z\"><\/path>\n\t            <\/svg>            <span>Siga a Cl\u00ednica Crescer no Instagram<\/span>\r\n        <\/a>\r\n    <\/span>\r\n\t\r\n<\/div>\r\n\r\n\t    <span class=\"sbi_resized_image_data\" data-feed-id=\"*1\" data-resized=\"[]\">\n\t<\/span>\n\t<\/div>\r\n\r\n<\/p>\t\t\t\t\t\t<\/div>\n\t\t\t\t<\/div>\n\t\t\t\t<div class=\"elementor-element elementor-element-7303c14 elementor-widget elementor-widget-spacer\" data-id=\"7303c14\" data-element_type=\"widget\" data-widget_type=\"spacer.default\">\n\t\t\t\t<div class=\"elementor-widget-container\">\n\t\t\t\t\t<div class=\"elementor-spacer\">\n\t\t\t<div class=\"elementor-spacer-inner\"><\/div>\n\t\t<\/div>\n\t\t\t\t<\/div>\n\t\t\t\t<\/div>\n\t\t\t\t\t<\/div>\n\t\t<\/div>\n\t\t\t\t\t\t\t<\/div>\n\t\t<\/section>\n\t\t\t\t\t\t\t<\/div>\n\t\t","protected":false},"excerpt":{"rendered":"<p>BLOG CRESCER CL\u00cdNICA MULTIDISCIPLINAR SIGA @_CLINICACRESCER NO INSTAGRAM<\/p>\n","protected":false},"author":1,"featured_media":0,"parent":0,"menu_order":0,"comment_status":"closed","ping_status":"closed","template":"elementor_canvas","meta":{"footnotes":""},"class_list":["post-267","page","type-page","status-publish","hentry","entry","has-media"],"_links":{"self":[{"href":"https:\/\/marcelomorales.com.br\/clinicacrescer\/wp-json\/wp\/v2\/pages\/267","targetHints":{"allow":["GET"]}}],"collection":[{"href":"https:\/\/marcelomorales.com.br\/clinicacrescer\/wp-json\/wp\/v2\/pages"}],"about":[{"href":"https:\/\/marcelomorales.com.br\/clinicacrescer\/wp-json\/wp\/v2\/types\/page"}],"author":[{"embeddable":true,"href":"https:\/\/marcelomorales.com.br\/clinicacrescer\/wp-json\/wp\/v2\/users\/1"}],"replies":[{"embeddable":true,"href":"https:\/\/marcelomorales.com.br\/clinicacrescer\/wp-json\/wp\/v2\/comments?post=267"}],"version-history":[{"count":11,"href":"https:\/\/marcelomorales.com.br\/clinicacrescer\/wp-json\/wp\/v2\/pages\/267\/revisions"}],"predecessor-version":[{"id":310,"href":"https:\/\/marcelomorales.com.br\/clinicacrescer\/wp-json\/wp\/v2\/pages\/267\/revisions\/310"}],"wp:attachment":[{"href":"https:\/\/marcelomorales.com.br\/clinicacrescer\/wp-json\/wp\/v2\/media?parent=267"}],"curies":[{"name":"wp","href":"https:\/\/api.w.org\/{rel}","templated":true}]}}